{"id":9748,"date":"2020-09-25T09:30:16","date_gmt":"2020-09-25T08:30:16","guid":{"rendered":"https:\/\/www.woodface.cz\/details-of-furniture-processing\/"},"modified":"2020-12-21T11:27:55","modified_gmt":"2020-12-21T10:27:55","slug":"furniture-processing","status":"publish","type":"page","link":"https:\/\/www.woodface.cz\/en\/furniture-processing\/","title":{"rendered":"Furniture processing"},"content":{"rendered":"\n<p>Our production technology is cutting and edging clearly. You will see absolutely minimal gaps between boards and edges. Thanks to the professional measuring of the room with the help of laser technology, a production documentation is created first, then, all the other cutouts and holes in the furniture are carried out ahead in the production proces on a CNC machine. Only this way can we keep a clean and accurate shape. Not even the best assembler with hand tools can do the same as a machine controlled by a computer. You will never find chopped out pieces from materials or jagged edges done by tools, which an assembler tries to fix afterwards with way or sealer.<\/p>\n\n\n\n<p><strong>Varnishing of surfaces<\/strong> is done in an overpressured spraying cabin, to prevent penetration of dirt. Each component used, is the highest possible quality.<\/p>\n\n\n\n<p><strong>Fittings for sliding doors<\/strong> are made in a German by <strong>Raumplus<\/strong>. Generally we provide post-warranty servise, where, after 25 years of usage we only remove dirt from the wheels, and the doors serve further.<\/p>\n\n\n\n<p><strong>The door hinges and drawers<\/strong> we use are made by the brand Blum with a lifelong warranty. The drawers are the highest class, <strong>Blum Movento<\/strong>, with the carry weight of 40kg and synchronised range. With the tip on system, the drawers will always close the same way, unlike with the cheap ones for example from <strong>Strong<\/strong>, which are made in China. In Woodface you will never find these cheap drawers, that are offered by many Czech carpenters because of lower price.<\/p>\n\n\n\n<p><\/p>\n\n\n\n<div class=\"wp-block-group\"><div class=\"wp-block-group__inner-container is-layout-flow wp-block-group-is-layout-flow\">\n<div class=\"wp-block-group is-layout-flow wp-block-group-is-layout-flow\"><div class=\"wp-block-group__inner-container\"><\/div><\/div>\n<\/div><\/div>\n","protected":false},"excerpt":{"rendered":"<p>Our production technology is cutting and edging clearly. You will see absolutely minimal gaps between boards and edges. Thanks to the professional measuring of the room with the help of laser technology, a production documentation is created first, then, all the other cutouts and holes in the furniture are carried out ahead in the production [&hellip;]<\/p>\n","protected":false},"author":3,"featured_media":3952,"parent":0,"menu_order":0,"comment_status":"closed","ping_status":"closed","template":"","meta":{"footnotes":""},"class_list":["post-9748","page","type-page","status-publish","has-post-thumbnail","hentry"],"yoast_head":"<!-- This site is optimized with the Yoast SEO plugin v27.4 - https:\/\/yoast.com\/product\/yoast-seo-wordpress\/ -->\n<title>Furniture processing - Woodface - We create your home<\/title>\n<meta name=\"robots\" content=\"index, follow, max-snippet:-1, max-image-preview:large, max-video-preview:-1\" \/>\n<link rel=\"canonical\" href=\"https:\/\/www.woodface.cz\/en\/furniture-processing\/\" \/>\n<meta property=\"og:locale\" content=\"en_US\" \/>\n<meta property=\"og:type\" content=\"article\" \/>\n<meta property=\"og:title\" content=\"Furniture processing - Woodface - We create your home\" \/>\n<meta property=\"og:description\" content=\"Our production technology is cutting and edging clearly. You will see absolutely minimal gaps between boards and edges. Thanks to the professional measuring of the room with the help of laser technology, a production documentation is created first, then, all the other cutouts and holes in the furniture are carried out ahead in the production [&hellip;]\" \/>\n<meta property=\"og:url\" content=\"https:\/\/www.woodface.cz\/en\/furniture-processing\/\" \/>\n<meta property=\"og:site_name\" content=\"Woodface - We create your home\" \/>\n<meta property=\"article:publisher\" content=\"https:\/\/www.facebook.com\/cz.woodface\" \/>\n<meta property=\"article:modified_time\" content=\"2020-12-21T10:27:55+00:00\" \/>\n<meta property=\"og:image\" content=\"https:\/\/www.woodface.cz\/wp-content\/uploads\/2020\/10\/1-titulni-foto-20201006-154112-scaled.jpg\" \/>\n\t<meta property=\"og:image:width\" content=\"2048\" \/>\n\t<meta property=\"og:image:height\" content=\"1536\" \/>\n\t<meta property=\"og:image:type\" content=\"image\/jpeg\" \/>\n<meta name=\"twitter:card\" content=\"summary_large_image\" \/>\n<meta name=\"twitter:label1\" content=\"Est. reading time\" \/>\n\t<meta name=\"twitter:data1\" content=\"1 minute\" \/>\n<script type=\"application\/ld+json\" class=\"yoast-schema-graph\">{\"@context\":\"https:\\\/\\\/schema.org\",\"@graph\":[{\"@type\":\"WebPage\",\"@id\":\"https:\\\/\\\/www.woodface.cz\\\/en\\\/furniture-processing\\\/\",\"url\":\"https:\\\/\\\/www.woodface.cz\\\/en\\\/furniture-processing\\\/\",\"name\":\"Furniture processing - Woodface - We create your home\",\"isPartOf\":{\"@id\":\"https:\\\/\\\/www.woodface.cz\\\/en\\\/#website\"},\"primaryImageOfPage\":{\"@id\":\"https:\\\/\\\/www.woodface.cz\\\/en\\\/furniture-processing\\\/#primaryimage\"},\"image\":{\"@id\":\"https:\\\/\\\/www.woodface.cz\\\/en\\\/furniture-processing\\\/#primaryimage\"},\"thumbnailUrl\":\"https:\\\/\\\/www.woodface.cz\\\/wp-content\\\/uploads\\\/2020\\\/10\\\/1-titulni-foto-20201006-154112-scaled.jpg\",\"datePublished\":\"2020-09-25T08:30:16+00:00\",\"dateModified\":\"2020-12-21T10:27:55+00:00\",\"breadcrumb\":{\"@id\":\"https:\\\/\\\/www.woodface.cz\\\/en\\\/furniture-processing\\\/#breadcrumb\"},\"inLanguage\":\"en-US\",\"potentialAction\":[{\"@type\":\"ReadAction\",\"target\":[\"https:\\\/\\\/www.woodface.cz\\\/en\\\/furniture-processing\\\/\"]}]},{\"@type\":\"ImageObject\",\"inLanguage\":\"en-US\",\"@id\":\"https:\\\/\\\/www.woodface.cz\\\/en\\\/furniture-processing\\\/#primaryimage\",\"url\":\"https:\\\/\\\/www.woodface.cz\\\/wp-content\\\/uploads\\\/2020\\\/10\\\/1-titulni-foto-20201006-154112-scaled.jpg\",\"contentUrl\":\"https:\\\/\\\/www.woodface.cz\\\/wp-content\\\/uploads\\\/2020\\\/10\\\/1-titulni-foto-20201006-154112-scaled.jpg\",\"width\":2048,\"height\":1536,\"caption\":\"1 tituln\u00ed foto\"},{\"@type\":\"BreadcrumbList\",\"@id\":\"https:\\\/\\\/www.woodface.cz\\\/en\\\/furniture-processing\\\/#breadcrumb\",\"itemListElement\":[{\"@type\":\"ListItem\",\"position\":1,\"name\":\"Home\",\"item\":\"https:\\\/\\\/www.woodface.cz\\\/en\\\/\"},{\"@type\":\"ListItem\",\"position\":2,\"name\":\"Furniture processing\"}]},{\"@type\":\"WebSite\",\"@id\":\"https:\\\/\\\/www.woodface.cz\\\/en\\\/#website\",\"url\":\"https:\\\/\\\/www.woodface.cz\\\/en\\\/\",\"name\":\"Woodface - We create your home\",\"description\":\"Woodface - Sk\u0159\u00edn\u011b na m\u00edru. Jedine\u010dn\u00fd, modern\u00ed a nad\u010dasov\u00fd design.\",\"publisher\":{\"@id\":\"https:\\\/\\\/www.woodface.cz\\\/en\\\/#organization\"},\"potentialAction\":[{\"@type\":\"SearchAction\",\"target\":{\"@type\":\"EntryPoint\",\"urlTemplate\":\"https:\\\/\\\/www.woodface.cz\\\/en\\\/?s={search_term_string}\"},\"query-input\":{\"@type\":\"PropertyValueSpecification\",\"valueRequired\":true,\"valueName\":\"search_term_string\"}}],\"inLanguage\":\"en-US\"},{\"@type\":\"Organization\",\"@id\":\"https:\\\/\\\/www.woodface.cz\\\/en\\\/#organization\",\"name\":\"Woodface - Sk\u0159\u00edn\u011b na m\u00edru. Jedine\u010dn\u00fd, modern\u00ed a nad\u010dasov\u00fd design.\",\"url\":\"https:\\\/\\\/www.woodface.cz\\\/en\\\/\",\"logo\":{\"@type\":\"ImageObject\",\"inLanguage\":\"en-US\",\"@id\":\"https:\\\/\\\/www.woodface.cz\\\/en\\\/#\\\/schema\\\/logo\\\/image\\\/\",\"url\":\"https:\\\/\\\/www.woodface.cz\\\/wp-content\\\/uploads\\\/2020\\\/11\\\/woodface-logo.png\",\"contentUrl\":\"https:\\\/\\\/www.woodface.cz\\\/wp-content\\\/uploads\\\/2020\\\/11\\\/woodface-logo.png\",\"width\":314,\"height\":161,\"caption\":\"Woodface - Sk\u0159\u00edn\u011b na m\u00edru. Jedine\u010dn\u00fd, modern\u00ed a nad\u010dasov\u00fd design.\"},\"image\":{\"@id\":\"https:\\\/\\\/www.woodface.cz\\\/en\\\/#\\\/schema\\\/logo\\\/image\\\/\"},\"sameAs\":[\"https:\\\/\\\/www.facebook.com\\\/cz.woodface\",\"https:\\\/\\\/www.instagram.com\\\/woodface_cz\"]}]}<\/script>\n<!-- \/ Yoast SEO plugin. -->","yoast_head_json":{"title":"Furniture processing - Woodface - We create your home","robots":{"index":"index","follow":"follow","max-snippet":"max-snippet:-1","max-image-preview":"max-image-preview:large","max-video-preview":"max-video-preview:-1"},"canonical":"https:\/\/www.woodface.cz\/en\/furniture-processing\/","og_locale":"en_US","og_type":"article","og_title":"Furniture processing - Woodface - We create your home","og_description":"Our production technology is cutting and edging clearly. You will see absolutely minimal gaps between boards and edges. Thanks to the professional measuring of the room with the help of laser technology, a production documentation is created first, then, all the other cutouts and holes in the furniture are carried out ahead in the production [&hellip;]","og_url":"https:\/\/www.woodface.cz\/en\/furniture-processing\/","og_site_name":"Woodface - We create your home","article_publisher":"https:\/\/www.facebook.com\/cz.woodface","article_modified_time":"2020-12-21T10:27:55+00:00","og_image":[{"width":2048,"height":1536,"url":"https:\/\/www.woodface.cz\/wp-content\/uploads\/2020\/10\/1-titulni-foto-20201006-154112-scaled.jpg","type":"image\/jpeg"}],"twitter_card":"summary_large_image","twitter_misc":{"Est. reading time":"1 minute"},"schema":{"@context":"https:\/\/schema.org","@graph":[{"@type":"WebPage","@id":"https:\/\/www.woodface.cz\/en\/furniture-processing\/","url":"https:\/\/www.woodface.cz\/en\/furniture-processing\/","name":"Furniture processing - Woodface - We create your home","isPartOf":{"@id":"https:\/\/www.woodface.cz\/en\/#website"},"primaryImageOfPage":{"@id":"https:\/\/www.woodface.cz\/en\/furniture-processing\/#primaryimage"},"image":{"@id":"https:\/\/www.woodface.cz\/en\/furniture-processing\/#primaryimage"},"thumbnailUrl":"https:\/\/www.woodface.cz\/wp-content\/uploads\/2020\/10\/1-titulni-foto-20201006-154112-scaled.jpg","datePublished":"2020-09-25T08:30:16+00:00","dateModified":"2020-12-21T10:27:55+00:00","breadcrumb":{"@id":"https:\/\/www.woodface.cz\/en\/furniture-processing\/#breadcrumb"},"inLanguage":"en-US","potentialAction":[{"@type":"ReadAction","target":["https:\/\/www.woodface.cz\/en\/furniture-processing\/"]}]},{"@type":"ImageObject","inLanguage":"en-US","@id":"https:\/\/www.woodface.cz\/en\/furniture-processing\/#primaryimage","url":"https:\/\/www.woodface.cz\/wp-content\/uploads\/2020\/10\/1-titulni-foto-20201006-154112-scaled.jpg","contentUrl":"https:\/\/www.woodface.cz\/wp-content\/uploads\/2020\/10\/1-titulni-foto-20201006-154112-scaled.jpg","width":2048,"height":1536,"caption":"1 tituln\u00ed foto"},{"@type":"BreadcrumbList","@id":"https:\/\/www.woodface.cz\/en\/furniture-processing\/#breadcrumb","itemListElement":[{"@type":"ListItem","position":1,"name":"Home","item":"https:\/\/www.woodface.cz\/en\/"},{"@type":"ListItem","position":2,"name":"Furniture processing"}]},{"@type":"WebSite","@id":"https:\/\/www.woodface.cz\/en\/#website","url":"https:\/\/www.woodface.cz\/en\/","name":"Woodface - We create your home","description":"Woodface - Sk\u0159\u00edn\u011b na m\u00edru. Jedine\u010dn\u00fd, modern\u00ed a nad\u010dasov\u00fd design.","publisher":{"@id":"https:\/\/www.woodface.cz\/en\/#organization"},"potentialAction":[{"@type":"SearchAction","target":{"@type":"EntryPoint","urlTemplate":"https:\/\/www.woodface.cz\/en\/?s={search_term_string}"},"query-input":{"@type":"PropertyValueSpecification","valueRequired":true,"valueName":"search_term_string"}}],"inLanguage":"en-US"},{"@type":"Organization","@id":"https:\/\/www.woodface.cz\/en\/#organization","name":"Woodface - Sk\u0159\u00edn\u011b na m\u00edru. Jedine\u010dn\u00fd, modern\u00ed a nad\u010dasov\u00fd design.","url":"https:\/\/www.woodface.cz\/en\/","logo":{"@type":"ImageObject","inLanguage":"en-US","@id":"https:\/\/www.woodface.cz\/en\/#\/schema\/logo\/image\/","url":"https:\/\/www.woodface.cz\/wp-content\/uploads\/2020\/11\/woodface-logo.png","contentUrl":"https:\/\/www.woodface.cz\/wp-content\/uploads\/2020\/11\/woodface-logo.png","width":314,"height":161,"caption":"Woodface - Sk\u0159\u00edn\u011b na m\u00edru. Jedine\u010dn\u00fd, modern\u00ed a nad\u010dasov\u00fd design."},"image":{"@id":"https:\/\/www.woodface.cz\/en\/#\/schema\/logo\/image\/"},"sameAs":["https:\/\/www.facebook.com\/cz.woodface","https:\/\/www.instagram.com\/woodface_cz"]}]}},"_links":{"self":[{"href":"https:\/\/www.woodface.cz\/en\/wp-json\/wp\/v2\/pages\/9748","targetHints":{"allow":["GET"]}}],"collection":[{"href":"https:\/\/www.woodface.cz\/en\/wp-json\/wp\/v2\/pages"}],"about":[{"href":"https:\/\/www.woodface.cz\/en\/wp-json\/wp\/v2\/types\/page"}],"author":[{"embeddable":true,"href":"https:\/\/www.woodface.cz\/en\/wp-json\/wp\/v2\/users\/3"}],"replies":[{"embeddable":true,"href":"https:\/\/www.woodface.cz\/en\/wp-json\/wp\/v2\/comments?post=9748"}],"version-history":[{"count":8,"href":"https:\/\/www.woodface.cz\/en\/wp-json\/wp\/v2\/pages\/9748\/revisions"}],"predecessor-version":[{"id":10495,"href":"https:\/\/www.woodface.cz\/en\/wp-json\/wp\/v2\/pages\/9748\/revisions\/10495"}],"wp:featuredmedia":[{"embeddable":true,"href":"https:\/\/www.woodface.cz\/en\/wp-json\/wp\/v2\/media\/3952"}],"wp:attachment":[{"href":"https:\/\/www.woodface.cz\/en\/wp-json\/wp\/v2\/media?parent=9748"}],"curies":[{"name":"wp","href":"https:\/\/api.w.org\/{rel}","templated":true}]}}