{"id":2962,"date":"2016-07-18T15:13:44","date_gmt":"2016-07-18T14:13:44","guid":{"rendered":"https:\/\/www.woodface.cz\/?page_id=2962"},"modified":"2024-10-01T01:47:46","modified_gmt":"2024-10-01T00:47:46","slug":"contact","status":"publish","type":"page","link":"https:\/\/www.woodface.cz\/en\/contact\/","title":{"rendered":"Contact"},"content":{"rendered":"\n<div class=\"row\" style=\"margin-bottom:30px\">\n<div class=\"col-md-12\">\n<iframe loading=\"lazy\" style=\"border: 0;\" src=\"https:\/\/www.google.com\/maps\/embed?pb=!1m18!1m12!1m3!1d2559.9367438572185!2d14.455889915601842!3d50.08747117942691!2m3!1f0!2f0!3f0!3m2!1i1024!2i768!4f13.1!3m3!1m2!1s0x470b94a00d0e5919%3A0x1474668b058e0691!2zUm9ow6HEjW92YSAzOCwgMTMwIDAwIFByYWhhIDMtxb1pxb5rb3Y!5e0!3m2!1scs!2scz!4v1601217831885!5m2!1scs!2scz\" width=\"100%\" height=\"300\" frameborder=\"0\" allowfullscreen=\"allowfullscreen\"><\/iframe><\/div>\n<\/div>\n\n\n\n<div class=\"row\"><div class=\"col-12 col-sm-6\">\n<h3>Woodface s.r.o.<\/h3>\nI\u010c: 26483807<br>\nDI\u010c: CZ26483807<br>\nResidence: Roh\u00e1\u010dova 266\/38, \u017di\u017ekov (Praha 3), 130 00 Praha<br>\nFile number: 85156 C, M\u011bstsk\u00fd soud v Praze<br><br>\n<h3>Ordering<br>expert consultation with the client<\/h3>\n<p><strong>Petr Jan\u016f<\/strong><br>Mob. <a href=\"tel:+420 602 408 636\">+420 602 408 636<\/a> (Contact for English speakers)<br>For undisturbed negotiations with clients, please SMS. We will call back.<br>Email: <a href=\"mailto:janu@woodface.cz\">janu@woodface.cz<\/a><\/p>\n<h3>Installation dates<\/h3>\n<p><strong>Kate\u0159ina Indruchov\u00e1<\/strong><br>Mob. <a href=\"tel:+420602408679\">+420 602 408 679<\/a> (Czech speakers only)<br>Email: <a href=\"mailto:centrala@woodface.cz\">centrala@woodface.cz<\/a><\/p>\n<h3>Accounting<\/h3>\n<p><strong>Zuzana Pavl\u00ed\u010dkov\u00e1<\/strong><br>Email: <a href=\"mailto:uctarna@woodface.cz\">uctarna@woodface.cz<\/a><\/p>\n<h3>Headquarters<br>Comments for improving the service of the company<\/h3>\n<p><strong>Marie Mackov\u00e1<\/strong><br>Mob. <a href=\"tel:+420602408636\">+420 602 408 636<\/a> (Czech speakers only)<br>Email: <a href=\"mailto:centrala@woodface.cz\">centrala@woodface.cz<\/a><\/p>\n<\/div><div class=\"col-12 col-sm-6\">\n<h3>Do not hesitate to contact us<\/h3>\n\n<div class=\"wpcf7 no-js\" id=\"wpcf7-f7367-o1\" lang=\"cs-CZ\" dir=\"ltr\" data-wpcf7-id=\"7367\">\n<div class=\"screen-reader-response\"><p role=\"status\" aria-live=\"polite\" aria-atomic=\"true\"><\/p> <ul><\/ul><\/div>\n<form action=\"\/en\/wp-json\/wp\/v2\/pages\/2962#wpcf7-f7367-o1\" method=\"post\" class=\"wpcf7-form init\" aria-label=\"Kontaktn\u00ed formul\u00e1\u0159\" enctype=\"multipart\/form-data\" novalidate=\"novalidate\" data-status=\"init\">\n<fieldset class=\"hidden-fields-container\"><input type=\"hidden\" name=\"_wpcf7\" value=\"7367\" \/><input type=\"hidden\" name=\"_wpcf7_version\" value=\"6.1.5\" \/><input type=\"hidden\" name=\"_wpcf7_locale\" value=\"cs_CZ\" \/><input type=\"hidden\" name=\"_wpcf7_unit_tag\" value=\"wpcf7-f7367-o1\" \/><input type=\"hidden\" name=\"_wpcf7_container_post\" value=\"0\" \/><input type=\"hidden\" name=\"_wpcf7_posted_data_hash\" value=\"\" \/><input type=\"hidden\" name=\"_wpcf7dtx_version\" value=\"5.0.5\" \/><input type=\"hidden\" name=\"_wpcf7_recaptcha_response\" value=\"\" \/>\n<\/fieldset>\n<div class=\"contactForm\">\n\t<p><span class=\"wpcf7-form-control-wrap\" data-name=\"jmeno\"><input size=\"40\" maxlength=\"400\" class=\"wpcf7-form-control wpcf7-text wpcf7-validates-as-required\" aria-required=\"true\" aria-invalid=\"false\" placeholder=\"First and last name*\" value=\"\" type=\"text\" name=\"jmeno\" \/><\/span><br \/>\n<span class=\"wpcf7-form-control-wrap\" data-name=\"email\"><input size=\"40\" maxlength=\"400\" class=\"wpcf7-form-control wpcf7-email wpcf7-validates-as-required wpcf7-text wpcf7-validates-as-email\" aria-required=\"true\" aria-invalid=\"false\" placeholder=\"Email*\" value=\"\" type=\"email\" name=\"email\" \/><\/span><br \/>\n<span class=\"wpcf7-form-control-wrap\" data-name=\"telefon\"><input size=\"40\" maxlength=\"400\" class=\"wpcf7-form-control wpcf7-tel wpcf7-text wpcf7-validates-as-tel\" aria-invalid=\"false\" placeholder=\"Telephone\" value=\"\" type=\"tel\" name=\"telefon\" \/><\/span><br \/>\n<span class=\"wpcf7-form-control-wrap\" data-name=\"predmet\"><input size=\"40\" maxlength=\"400\" class=\"wpcf7-form-control wpcf7-text wpcf7-validates-as-required\" aria-required=\"true\" aria-invalid=\"false\" placeholder=\"Subject*\" value=\"\" type=\"text\" name=\"predmet\" \/><\/span><br \/>\n<span class=\"wpcf7-form-control-wrap\" data-name=\"zprava\"><textarea cols=\"40\" rows=\"10\" maxlength=\"2000\" class=\"wpcf7-form-control wpcf7-textarea wpcf7-validates-as-required\" aria-required=\"true\" aria-invalid=\"false\" placeholder=\"Message*\" name=\"zprava\"><\/textarea><\/span><br \/>\n<span class=\"wpcf7-form-control-wrap\" data-name=\"file-358\"><input size=\"40\" class=\"wpcf7-form-control wpcf7-file\" accept=\".pdf,audio\/*,video\/*,image\/*\" aria-invalid=\"false\" type=\"file\" name=\"file-358\" \/><\/span><br \/>\n<span class=\"wpcf7-form-control-wrap\" data-name=\"souhlas_gdpr\"><span class=\"wpcf7-form-control wpcf7-acceptance\"><span class=\"wpcf7-list-item\"><input type=\"checkbox\" name=\"souhlas_gdpr\" value=\"1\" aria-invalid=\"false\" \/><\/span><\/span><\/span> I agree to <a href=\"https:\/\/www.woodface.cz\/gdpr\/\" target=\"_blank\">the personal data processing policy<\/a>.<br \/>\n<input class=\"wpcf7-form-control wpcf7-submit has-spinner\" type=\"submit\" value=\"Send\" \/>\n\t<\/p>\n<\/div><div class=\"wpcf7-response-output\" aria-hidden=\"true\"><\/div>\n<\/form>\n<\/div>\n\n<\/div><\/div>\n","protected":false},"excerpt":{"rendered":"<p>Woodface s.r.o. I\u010c: 26483807 DI\u010c: CZ26483807 Residence: Roh\u00e1\u010dova 266\/38, \u017di\u017ekov (Praha 3), 130 00 Praha File number: 85156 C, M\u011bstsk\u00fd soud v Praze Orderingexpert consultation with the client Petr Jan\u016fMob. +420 602 408 636 (Contact for English speakers)For undisturbed negotiations with clients, please SMS. We will call back.Email: janu@woodface.cz Installation dates Kate\u0159ina Indruchov\u00e1Mob. +420 602 [&hellip;]<\/p>\n","protected":false},"author":3,"featured_media":0,"parent":0,"menu_order":0,"comment_status":"closed","ping_status":"closed","template":"","meta":{"footnotes":""},"class_list":["post-2962","page","type-page","status-publish","hentry"],"yoast_head":"<!-- This site is optimized with the Yoast SEO plugin v27.5 - https:\/\/yoast.com\/product\/yoast-seo-wordpress\/ -->\n<title>Contact - Woodface - We create your home<\/title>\n<meta name=\"robots\" content=\"index, follow, max-snippet:-1, max-image-preview:large, max-video-preview:-1\" \/>\n<link rel=\"canonical\" href=\"https:\/\/www.woodface.cz\/en\/contact\/\" \/>\n<meta property=\"og:locale\" content=\"en_US\" \/>\n<meta property=\"og:type\" content=\"article\" \/>\n<meta property=\"og:title\" content=\"Contact - Woodface - We create your home\" \/>\n<meta property=\"og:description\" content=\"Woodface s.r.o. I\u010c: 26483807 DI\u010c: CZ26483807 Residence: Roh\u00e1\u010dova 266\/38, \u017di\u017ekov (Praha 3), 130 00 Praha File number: 85156 C, M\u011bstsk\u00fd soud v Praze Orderingexpert consultation with the client Petr Jan\u016fMob. +420 602 408 636 (Contact for English speakers)For undisturbed negotiations with clients, please SMS. We will call back.Email: janu@woodface.cz Installation dates Kate\u0159ina Indruchov\u00e1Mob. +420 602 [&hellip;]\" \/>\n<meta property=\"og:url\" content=\"https:\/\/www.woodface.cz\/en\/contact\/\" \/>\n<meta property=\"og:site_name\" content=\"Woodface - We create your home\" \/>\n<meta property=\"article:publisher\" content=\"https:\/\/www.facebook.com\/cz.woodface\" \/>\n<meta property=\"article:modified_time\" content=\"2024-10-01T00:47:46+00:00\" \/>\n<meta name=\"twitter:card\" content=\"summary_large_image\" \/>\n<meta name=\"twitter:label1\" content=\"Est. reading time\" \/>\n\t<meta name=\"twitter:data1\" content=\"1 minute\" \/>\n<script type=\"application\/ld+json\" class=\"yoast-schema-graph\">{\"@context\":\"https:\\\/\\\/schema.org\",\"@graph\":[{\"@type\":\"WebPage\",\"@id\":\"https:\\\/\\\/www.woodface.cz\\\/en\\\/contact\\\/\",\"url\":\"https:\\\/\\\/www.woodface.cz\\\/en\\\/contact\\\/\",\"name\":\"Contact - Woodface - We create your home\",\"isPartOf\":{\"@id\":\"https:\\\/\\\/www.woodface.cz\\\/en\\\/#website\"},\"datePublished\":\"2016-07-18T14:13:44+00:00\",\"dateModified\":\"2024-10-01T00:47:46+00:00\",\"breadcrumb\":{\"@id\":\"https:\\\/\\\/www.woodface.cz\\\/en\\\/contact\\\/#breadcrumb\"},\"inLanguage\":\"en-US\",\"potentialAction\":[{\"@type\":\"ReadAction\",\"target\":[\"https:\\\/\\\/www.woodface.cz\\\/en\\\/contact\\\/\"]}]},{\"@type\":\"BreadcrumbList\",\"@id\":\"https:\\\/\\\/www.woodface.cz\\\/en\\\/contact\\\/#breadcrumb\",\"itemListElement\":[{\"@type\":\"ListItem\",\"position\":1,\"name\":\"Home\",\"item\":\"https:\\\/\\\/www.woodface.cz\\\/en\\\/\"},{\"@type\":\"ListItem\",\"position\":2,\"name\":\"Contact\"}]},{\"@type\":\"WebSite\",\"@id\":\"https:\\\/\\\/www.woodface.cz\\\/en\\\/#website\",\"url\":\"https:\\\/\\\/www.woodface.cz\\\/en\\\/\",\"name\":\"Woodface - We create your home\",\"description\":\"Woodface - Sk\u0159\u00edn\u011b na m\u00edru. Jedine\u010dn\u00fd, modern\u00ed a nad\u010dasov\u00fd design.\",\"publisher\":{\"@id\":\"https:\\\/\\\/www.woodface.cz\\\/en\\\/#organization\"},\"potentialAction\":[{\"@type\":\"SearchAction\",\"target\":{\"@type\":\"EntryPoint\",\"urlTemplate\":\"https:\\\/\\\/www.woodface.cz\\\/en\\\/?s={search_term_string}\"},\"query-input\":{\"@type\":\"PropertyValueSpecification\",\"valueRequired\":true,\"valueName\":\"search_term_string\"}}],\"inLanguage\":\"en-US\"},{\"@type\":\"Organization\",\"@id\":\"https:\\\/\\\/www.woodface.cz\\\/en\\\/#organization\",\"name\":\"Woodface - Sk\u0159\u00edn\u011b na m\u00edru. Jedine\u010dn\u00fd, modern\u00ed a nad\u010dasov\u00fd design.\",\"url\":\"https:\\\/\\\/www.woodface.cz\\\/en\\\/\",\"logo\":{\"@type\":\"ImageObject\",\"inLanguage\":\"en-US\",\"@id\":\"https:\\\/\\\/www.woodface.cz\\\/en\\\/#\\\/schema\\\/logo\\\/image\\\/\",\"url\":\"https:\\\/\\\/www.woodface.cz\\\/wp-content\\\/uploads\\\/2020\\\/11\\\/woodface-logo.png\",\"contentUrl\":\"https:\\\/\\\/www.woodface.cz\\\/wp-content\\\/uploads\\\/2020\\\/11\\\/woodface-logo.png\",\"width\":314,\"height\":161,\"caption\":\"Woodface - Sk\u0159\u00edn\u011b na m\u00edru. Jedine\u010dn\u00fd, modern\u00ed a nad\u010dasov\u00fd design.\"},\"image\":{\"@id\":\"https:\\\/\\\/www.woodface.cz\\\/en\\\/#\\\/schema\\\/logo\\\/image\\\/\"},\"sameAs\":[\"https:\\\/\\\/www.facebook.com\\\/cz.woodface\",\"https:\\\/\\\/www.instagram.com\\\/woodface_cz\"]}]}<\/script>\n<!-- \/ Yoast SEO plugin. -->","yoast_head_json":{"title":"Contact - Woodface - We create your home","robots":{"index":"index","follow":"follow","max-snippet":"max-snippet:-1","max-image-preview":"max-image-preview:large","max-video-preview":"max-video-preview:-1"},"canonical":"https:\/\/www.woodface.cz\/en\/contact\/","og_locale":"en_US","og_type":"article","og_title":"Contact - Woodface - We create your home","og_description":"Woodface s.r.o. I\u010c: 26483807 DI\u010c: CZ26483807 Residence: Roh\u00e1\u010dova 266\/38, \u017di\u017ekov (Praha 3), 130 00 Praha File number: 85156 C, M\u011bstsk\u00fd soud v Praze Orderingexpert consultation with the client Petr Jan\u016fMob. +420 602 408 636 (Contact for English speakers)For undisturbed negotiations with clients, please SMS. We will call back.Email: janu@woodface.cz Installation dates Kate\u0159ina Indruchov\u00e1Mob. +420 602 [&hellip;]","og_url":"https:\/\/www.woodface.cz\/en\/contact\/","og_site_name":"Woodface - We create your home","article_publisher":"https:\/\/www.facebook.com\/cz.woodface","article_modified_time":"2024-10-01T00:47:46+00:00","twitter_card":"summary_large_image","twitter_misc":{"Est. reading time":"1 minute"},"schema":{"@context":"https:\/\/schema.org","@graph":[{"@type":"WebPage","@id":"https:\/\/www.woodface.cz\/en\/contact\/","url":"https:\/\/www.woodface.cz\/en\/contact\/","name":"Contact - Woodface - We create your home","isPartOf":{"@id":"https:\/\/www.woodface.cz\/en\/#website"},"datePublished":"2016-07-18T14:13:44+00:00","dateModified":"2024-10-01T00:47:46+00:00","breadcrumb":{"@id":"https:\/\/www.woodface.cz\/en\/contact\/#breadcrumb"},"inLanguage":"en-US","potentialAction":[{"@type":"ReadAction","target":["https:\/\/www.woodface.cz\/en\/contact\/"]}]},{"@type":"BreadcrumbList","@id":"https:\/\/www.woodface.cz\/en\/contact\/#breadcrumb","itemListElement":[{"@type":"ListItem","position":1,"name":"Home","item":"https:\/\/www.woodface.cz\/en\/"},{"@type":"ListItem","position":2,"name":"Contact"}]},{"@type":"WebSite","@id":"https:\/\/www.woodface.cz\/en\/#website","url":"https:\/\/www.woodface.cz\/en\/","name":"Woodface - We create your home","description":"Woodface - Sk\u0159\u00edn\u011b na m\u00edru. Jedine\u010dn\u00fd, modern\u00ed a nad\u010dasov\u00fd design.","publisher":{"@id":"https:\/\/www.woodface.cz\/en\/#organization"},"potentialAction":[{"@type":"SearchAction","target":{"@type":"EntryPoint","urlTemplate":"https:\/\/www.woodface.cz\/en\/?s={search_term_string}"},"query-input":{"@type":"PropertyValueSpecification","valueRequired":true,"valueName":"search_term_string"}}],"inLanguage":"en-US"},{"@type":"Organization","@id":"https:\/\/www.woodface.cz\/en\/#organization","name":"Woodface - Sk\u0159\u00edn\u011b na m\u00edru. Jedine\u010dn\u00fd, modern\u00ed a nad\u010dasov\u00fd design.","url":"https:\/\/www.woodface.cz\/en\/","logo":{"@type":"ImageObject","inLanguage":"en-US","@id":"https:\/\/www.woodface.cz\/en\/#\/schema\/logo\/image\/","url":"https:\/\/www.woodface.cz\/wp-content\/uploads\/2020\/11\/woodface-logo.png","contentUrl":"https:\/\/www.woodface.cz\/wp-content\/uploads\/2020\/11\/woodface-logo.png","width":314,"height":161,"caption":"Woodface - Sk\u0159\u00edn\u011b na m\u00edru. Jedine\u010dn\u00fd, modern\u00ed a nad\u010dasov\u00fd design."},"image":{"@id":"https:\/\/www.woodface.cz\/en\/#\/schema\/logo\/image\/"},"sameAs":["https:\/\/www.facebook.com\/cz.woodface","https:\/\/www.instagram.com\/woodface_cz"]}]}},"_links":{"self":[{"href":"https:\/\/www.woodface.cz\/en\/wp-json\/wp\/v2\/pages\/2962","targetHints":{"allow":["GET"]}}],"collection":[{"href":"https:\/\/www.woodface.cz\/en\/wp-json\/wp\/v2\/pages"}],"about":[{"href":"https:\/\/www.woodface.cz\/en\/wp-json\/wp\/v2\/types\/page"}],"author":[{"embeddable":true,"href":"https:\/\/www.woodface.cz\/en\/wp-json\/wp\/v2\/users\/3"}],"replies":[{"embeddable":true,"href":"https:\/\/www.woodface.cz\/en\/wp-json\/wp\/v2\/comments?post=2962"}],"version-history":[{"count":6,"href":"https:\/\/www.woodface.cz\/en\/wp-json\/wp\/v2\/pages\/2962\/revisions"}],"predecessor-version":[{"id":21145,"href":"https:\/\/www.woodface.cz\/en\/wp-json\/wp\/v2\/pages\/2962\/revisions\/21145"}],"wp:attachment":[{"href":"https:\/\/www.woodface.cz\/en\/wp-json\/wp\/v2\/media?parent=2962"}],"curies":[{"name":"wp","href":"https:\/\/api.w.org\/{rel}","templated":true}]}}