{"id":2958,"date":"2016-07-18T15:13:32","date_gmt":"2016-07-18T14:13:32","guid":{"rendered":"https:\/\/www.woodface.cz\/?page_id=2958"},"modified":"2020-10-27T10:46:26","modified_gmt":"2020-10-27T09:46:26","slug":"designer-services","status":"publish","type":"page","link":"https:\/\/www.woodface.cz\/en\/designer-services\/","title":{"rendered":"Free consultation &#8211; Designer services"},"content":{"rendered":"\nIf you are unable to visit one of our stores for various reasons, we are ready to make <strong>FREE<\/strong> consultations directly for you at home (or on site) under specific conditions for serious customers. You will be visited by a professional with long-term experience who can help you design the plan of your dreams to fit your unique needs and desires.\n<br><br>\n<strong>Services provided as part of the consultation:<\/strong> \n<ul><li>\nProfessional focus on space with a guarantee of accuracy<\/li><li>\nDesign layout of the room and personal furniture<\/li><li>\nMaterial selection based on samples<\/li><li>\nProduction of price quotation<\/li><\/ul>\nWe are ready to visit you anywhere in the Czech Republic. The consultation price is 5,000 CZK and will be deducted from the final price of the furniture if a contract is concluded.\n<br><br>\nIn case of a request for handover of complete documents incl. drawing documentation before signing the contract, will be charged 5,000 CZK + VAT for each processed room. <strong>If the contract is concluded, these amounts will be deducted from the price of the furniture delivery<\/strong>\n<\/div><\/div>\n","protected":false},"excerpt":{"rendered":"<p>If you are unable to visit one of our stores for various reasons, we are ready to make FREE consultations directly for you at home (or on site) under specific conditions for serious customers. You will be visited by a professional with long-term experience who can help you design the plan of your dreams to [&hellip;]<\/p>\n","protected":false},"author":3,"featured_media":0,"parent":0,"menu_order":0,"comment_status":"closed","ping_status":"closed","template":"","meta":{"footnotes":""},"class_list":["post-2958","page","type-page","status-publish","hentry"],"yoast_head":"<!-- This site is optimized with the Yoast SEO plugin v27.4 - https:\/\/yoast.com\/product\/yoast-seo-wordpress\/ -->\n<title>Free consultation - Designer services - Woodface - We create your home<\/title>\n<meta name=\"robots\" content=\"index, follow, max-snippet:-1, max-image-preview:large, max-video-preview:-1\" \/>\n<link rel=\"canonical\" href=\"https:\/\/www.woodface.cz\/en\/designer-services\/\" \/>\n<meta property=\"og:locale\" content=\"en_US\" \/>\n<meta property=\"og:type\" content=\"article\" \/>\n<meta property=\"og:title\" content=\"Free consultation - Designer services - Woodface - We create your home\" \/>\n<meta property=\"og:description\" content=\"If you are unable to visit one of our stores for various reasons, we are ready to make FREE consultations directly for you at home (or on site) under specific conditions for serious customers. You will be visited by a professional with long-term experience who can help you design the plan of your dreams to [&hellip;]\" \/>\n<meta property=\"og:url\" content=\"https:\/\/www.woodface.cz\/en\/designer-services\/\" \/>\n<meta property=\"og:site_name\" content=\"Woodface - We create your home\" \/>\n<meta property=\"article:publisher\" content=\"https:\/\/www.facebook.com\/cz.woodface\" \/>\n<meta property=\"article:modified_time\" content=\"2020-10-27T09:46:26+00:00\" \/>\n<meta name=\"twitter:card\" content=\"summary_large_image\" \/>\n<meta name=\"twitter:label1\" content=\"Est. reading time\" \/>\n\t<meta name=\"twitter:data1\" content=\"1 minute\" \/>\n<script type=\"application\/ld+json\" class=\"yoast-schema-graph\">{\"@context\":\"https:\\\/\\\/schema.org\",\"@graph\":[{\"@type\":\"WebPage\",\"@id\":\"https:\\\/\\\/www.woodface.cz\\\/en\\\/designer-services\\\/\",\"url\":\"https:\\\/\\\/www.woodface.cz\\\/en\\\/designer-services\\\/\",\"name\":\"Free consultation - Designer services - Woodface - We create your home\",\"isPartOf\":{\"@id\":\"https:\\\/\\\/www.woodface.cz\\\/en\\\/#website\"},\"datePublished\":\"2016-07-18T14:13:32+00:00\",\"dateModified\":\"2020-10-27T09:46:26+00:00\",\"breadcrumb\":{\"@id\":\"https:\\\/\\\/www.woodface.cz\\\/en\\\/designer-services\\\/#breadcrumb\"},\"inLanguage\":\"en-US\",\"potentialAction\":[{\"@type\":\"ReadAction\",\"target\":[\"https:\\\/\\\/www.woodface.cz\\\/en\\\/designer-services\\\/\"]}]},{\"@type\":\"BreadcrumbList\",\"@id\":\"https:\\\/\\\/www.woodface.cz\\\/en\\\/designer-services\\\/#breadcrumb\",\"itemListElement\":[{\"@type\":\"ListItem\",\"position\":1,\"name\":\"Home\",\"item\":\"https:\\\/\\\/www.woodface.cz\\\/en\\\/\"},{\"@type\":\"ListItem\",\"position\":2,\"name\":\"Free consultation &#8211; Designer services\"}]},{\"@type\":\"WebSite\",\"@id\":\"https:\\\/\\\/www.woodface.cz\\\/en\\\/#website\",\"url\":\"https:\\\/\\\/www.woodface.cz\\\/en\\\/\",\"name\":\"Woodface - We create your home\",\"description\":\"Woodface - Sk\u0159\u00edn\u011b na m\u00edru. Jedine\u010dn\u00fd, modern\u00ed a nad\u010dasov\u00fd design.\",\"publisher\":{\"@id\":\"https:\\\/\\\/www.woodface.cz\\\/en\\\/#organization\"},\"potentialAction\":[{\"@type\":\"SearchAction\",\"target\":{\"@type\":\"EntryPoint\",\"urlTemplate\":\"https:\\\/\\\/www.woodface.cz\\\/en\\\/?s={search_term_string}\"},\"query-input\":{\"@type\":\"PropertyValueSpecification\",\"valueRequired\":true,\"valueName\":\"search_term_string\"}}],\"inLanguage\":\"en-US\"},{\"@type\":\"Organization\",\"@id\":\"https:\\\/\\\/www.woodface.cz\\\/en\\\/#organization\",\"name\":\"Woodface - Sk\u0159\u00edn\u011b na m\u00edru. Jedine\u010dn\u00fd, modern\u00ed a nad\u010dasov\u00fd design.\",\"url\":\"https:\\\/\\\/www.woodface.cz\\\/en\\\/\",\"logo\":{\"@type\":\"ImageObject\",\"inLanguage\":\"en-US\",\"@id\":\"https:\\\/\\\/www.woodface.cz\\\/en\\\/#\\\/schema\\\/logo\\\/image\\\/\",\"url\":\"https:\\\/\\\/www.woodface.cz\\\/wp-content\\\/uploads\\\/2020\\\/11\\\/woodface-logo.png\",\"contentUrl\":\"https:\\\/\\\/www.woodface.cz\\\/wp-content\\\/uploads\\\/2020\\\/11\\\/woodface-logo.png\",\"width\":314,\"height\":161,\"caption\":\"Woodface - Sk\u0159\u00edn\u011b na m\u00edru. Jedine\u010dn\u00fd, modern\u00ed a nad\u010dasov\u00fd design.\"},\"image\":{\"@id\":\"https:\\\/\\\/www.woodface.cz\\\/en\\\/#\\\/schema\\\/logo\\\/image\\\/\"},\"sameAs\":[\"https:\\\/\\\/www.facebook.com\\\/cz.woodface\",\"https:\\\/\\\/www.instagram.com\\\/woodface_cz\"]}]}<\/script>\n<!-- \/ Yoast SEO plugin. -->","yoast_head_json":{"title":"Free consultation - Designer services - Woodface - We create your home","robots":{"index":"index","follow":"follow","max-snippet":"max-snippet:-1","max-image-preview":"max-image-preview:large","max-video-preview":"max-video-preview:-1"},"canonical":"https:\/\/www.woodface.cz\/en\/designer-services\/","og_locale":"en_US","og_type":"article","og_title":"Free consultation - Designer services - Woodface - We create your home","og_description":"If you are unable to visit one of our stores for various reasons, we are ready to make FREE consultations directly for you at home (or on site) under specific conditions for serious customers. You will be visited by a professional with long-term experience who can help you design the plan of your dreams to [&hellip;]","og_url":"https:\/\/www.woodface.cz\/en\/designer-services\/","og_site_name":"Woodface - We create your home","article_publisher":"https:\/\/www.facebook.com\/cz.woodface","article_modified_time":"2020-10-27T09:46:26+00:00","twitter_card":"summary_large_image","twitter_misc":{"Est. reading time":"1 minute"},"schema":{"@context":"https:\/\/schema.org","@graph":[{"@type":"WebPage","@id":"https:\/\/www.woodface.cz\/en\/designer-services\/","url":"https:\/\/www.woodface.cz\/en\/designer-services\/","name":"Free consultation - Designer services - Woodface - We create your home","isPartOf":{"@id":"https:\/\/www.woodface.cz\/en\/#website"},"datePublished":"2016-07-18T14:13:32+00:00","dateModified":"2020-10-27T09:46:26+00:00","breadcrumb":{"@id":"https:\/\/www.woodface.cz\/en\/designer-services\/#breadcrumb"},"inLanguage":"en-US","potentialAction":[{"@type":"ReadAction","target":["https:\/\/www.woodface.cz\/en\/designer-services\/"]}]},{"@type":"BreadcrumbList","@id":"https:\/\/www.woodface.cz\/en\/designer-services\/#breadcrumb","itemListElement":[{"@type":"ListItem","position":1,"name":"Home","item":"https:\/\/www.woodface.cz\/en\/"},{"@type":"ListItem","position":2,"name":"Free consultation &#8211; Designer services"}]},{"@type":"WebSite","@id":"https:\/\/www.woodface.cz\/en\/#website","url":"https:\/\/www.woodface.cz\/en\/","name":"Woodface - We create your home","description":"Woodface - Sk\u0159\u00edn\u011b na m\u00edru. Jedine\u010dn\u00fd, modern\u00ed a nad\u010dasov\u00fd design.","publisher":{"@id":"https:\/\/www.woodface.cz\/en\/#organization"},"potentialAction":[{"@type":"SearchAction","target":{"@type":"EntryPoint","urlTemplate":"https:\/\/www.woodface.cz\/en\/?s={search_term_string}"},"query-input":{"@type":"PropertyValueSpecification","valueRequired":true,"valueName":"search_term_string"}}],"inLanguage":"en-US"},{"@type":"Organization","@id":"https:\/\/www.woodface.cz\/en\/#organization","name":"Woodface - Sk\u0159\u00edn\u011b na m\u00edru. Jedine\u010dn\u00fd, modern\u00ed a nad\u010dasov\u00fd design.","url":"https:\/\/www.woodface.cz\/en\/","logo":{"@type":"ImageObject","inLanguage":"en-US","@id":"https:\/\/www.woodface.cz\/en\/#\/schema\/logo\/image\/","url":"https:\/\/www.woodface.cz\/wp-content\/uploads\/2020\/11\/woodface-logo.png","contentUrl":"https:\/\/www.woodface.cz\/wp-content\/uploads\/2020\/11\/woodface-logo.png","width":314,"height":161,"caption":"Woodface - Sk\u0159\u00edn\u011b na m\u00edru. Jedine\u010dn\u00fd, modern\u00ed a nad\u010dasov\u00fd design."},"image":{"@id":"https:\/\/www.woodface.cz\/en\/#\/schema\/logo\/image\/"},"sameAs":["https:\/\/www.facebook.com\/cz.woodface","https:\/\/www.instagram.com\/woodface_cz"]}]}},"_links":{"self":[{"href":"https:\/\/www.woodface.cz\/en\/wp-json\/wp\/v2\/pages\/2958","targetHints":{"allow":["GET"]}}],"collection":[{"href":"https:\/\/www.woodface.cz\/en\/wp-json\/wp\/v2\/pages"}],"about":[{"href":"https:\/\/www.woodface.cz\/en\/wp-json\/wp\/v2\/types\/page"}],"author":[{"embeddable":true,"href":"https:\/\/www.woodface.cz\/en\/wp-json\/wp\/v2\/users\/3"}],"replies":[{"embeddable":true,"href":"https:\/\/www.woodface.cz\/en\/wp-json\/wp\/v2\/comments?post=2958"}],"version-history":[{"count":0,"href":"https:\/\/www.woodface.cz\/en\/wp-json\/wp\/v2\/pages\/2958\/revisions"}],"wp:attachment":[{"href":"https:\/\/www.woodface.cz\/en\/wp-json\/wp\/v2\/media?parent=2958"}],"curies":[{"name":"wp","href":"https:\/\/api.w.org\/{rel}","templated":true}]}}