{"id":2956,"date":"2016-07-18T15:13:15","date_gmt":"2016-07-18T14:13:15","guid":{"rendered":"https:\/\/www.woodface.cz\/?page_id=2956"},"modified":"2022-10-21T12:39:14","modified_gmt":"2022-10-21T11:39:14","slug":"woodface","status":"publish","type":"page","link":"https:\/\/www.woodface.cz\/en\/woodface\/","title":{"rendered":"Woodface &#8211; About us"},"content":{"rendered":"<h2>Why Woodface?<\/h2>\n<h3>Professional production and professional assembly<\/h3>\n<p><img loading=\"lazy\" decoding=\"async\" class=\"alignleft wp-image-1230 size-thumbnail\" src=\"https:\/\/www.woodface.cz\/wp-content\/uploads\/2020\/11\/I.-Kvalita-provedeni-Profesionalni-vyroba-a-odborna-montaz-273x151-1.jpg\" alt=\"\" width=\"273\" height=\"151\" \/>There are many companies on the market that offer &#8220;custom-made cabinets&#8221;. Most of them are semi-amateurs who have somewhere to cut and trim the material, at best their own small joinery workshop where they try to make the furniture. Woodface Furniture utilizes state-of-the-art computer-controlled machines that guarantee world-class quality and precision. By using on-the-dot laser measuring instruments, complete and accurate information goes into production, making high quality furniture really tailored to your liking. The time when a cabinetmaker spotted the furniture according to the discovered unevenness, planed the wood and made a lot of dust and disorder is in our past. Our skilled assemblers arrive, assemble your unique construction in just a few hours, and carefully clean up all traces of their work before leaving.<\/p>\n<div class=\"clearfix\"><\/div>\n<h3>Unique, modern and timeless design<\/h3>\n<p><img loading=\"lazy\" decoding=\"async\" class=\"size-thumbnail wp-image-1231 alignleft\" src=\"https:\/\/www.woodface.cz\/wp-content\/uploads\/2020\/11\/II.-jedinecny-moderni-a-nadcasovy-design-273x151-1.jpg\" alt=\"\" width=\"273\" height=\"151\" \/>Over 25 years ago Woodface introduced the term &#8220;Cases on Peace&#8221; to the Czech Republic. We are still trying to be something special. The competitive door frames currently sold on the Czech market come either from Poland or from China. Because they all copy each other, the appearance of the door is very common looking and the grip comfort is at best average. In pursuit of the lowest price, to the detriment of quality, the door frame is almost like chocolate aluminum foil. They simply begin to deform under their own weight over time. We would like to show you at our store a deceptive collection of &#8220;common&#8221; doors on the Czech market and you can compare these with ours. But we do not overdo it. It is true that the guarantee &#8211; two years given by law is likely to last.<br \/>\nThe design of the doors we use is unmistakable, the original design and the quality of the travels we use are really exceptional &#8211; we provide a lifetime guarantee on the sliding door wheels.<br \/>\nTry our sliding doors, their smooth running and quiet, dependable functionality. Know for yourself the difference in quality that sets us apart from others.<\/p>\n<div class=\"clearfix\"><\/div>\n<h3>Warranties<\/h3>\n<p>The Woodface brand originated more than 25 years ago. It is therefore a guarantee for any complaints that may arise in the future. We will be here to help you unlike a joiner or a small firm who might try to cheat you mainly because they are not counting on any guarantees in the future. Such a person or firm usually cease to exist before the 2-year warranty is warranted.<br \/>\nWoodface manufactures all of its furniture in the Czech Republic. The components for sliding doors are supplied by RAUMPLUS from Germany. Hinged door hinges, pull-out drawers and pull-out shelves are from the world-reknowned BLUM brand (originally from Austria, now a multinational company).<br \/>\n<strong>Guarantees provided:<\/strong><br \/>\n&#8211; \u201e24 months for all used materials and work\u201c<br \/>\n&#8211; \u201eLifetime warranty for BLUM components\u201c<br \/>\n&#8211; \u201eLifetime warranty on RAUMPLUS sliding door mechanisms\u201c<\/p>\n<div class=\"clearfix\"><\/div>\n<h3>Quality of execution:<\/h3>\n<p><img loading=\"lazy\" decoding=\"async\" class=\"size-thumbnail wp-image-1233 alignleft\" src=\"https:\/\/www.woodface.cz\/wp-content\/uploads\/2020\/11\/V.-kvalita-provedeni-273x151-1.jpg\" alt=\"\" width=\"273\" height=\"151\" \/>Our high technology production equipment cuts and feeds absolutely cleanly and precisely. You will see an absolutely minimal gap between the board and the edge. All cuts and holes in the furniture are preprogrammed for fabrication on a CNC machine. This is the only way to maintain the precision and cleanliness of the worked piece. The best fitter with a handheld tool cannot match the results of a computer-controlled machine in production. On our products you will not find pieces of chipped material and jagged edges from the hand-held tools used when fitting in place a piece that the joiner tried to repair with wax, sealant or some other material.<\/p>\n<div class=\"clearfix\"><\/div>\n<h3>Long life: Before ordering the furniture, ask how the parts are joined together.<\/h3>\n<p><img loading=\"lazy\" decoding=\"async\" class=\"size-thumbnail wp-image-1234 alignleft\" src=\"https:\/\/www.woodface.cz\/wp-content\/uploads\/2020\/11\/VI.-dlouha-zivotnost-273x151-1.jpg\" alt=\"\" width=\"273\" height=\"151\" \/>Most small manufacturers use the so-called &#8220;confirmate&#8221;, which is basically a screw that screws into the board. If you would like to dismantle your furniture in the future and move it to another location, it will never have its original strength and it will wobble. Not to mention the great risk that the &#8220;Confirmate&#8221; assembler will tighten too much on the board, it will rotate and the furniture will not hold firmly from the beginning.<br \/>\nAnother amateur variant are the so-called plastic angles, which are screwed into parts connected to each other. The aesthetic appearance is terrible, the strength is very questionable and, moreover, the plastic element prevents 100% use of the storage space.<br \/>\nWoodface uses what are known as \u201ceccentrics\u201d to connect material. This connecting fitting includes two pieces that are fastened to the plate and locked metal to metal with each other. They allow an endless repetition of disassembly and subsequent connection of parts. However, this fitting requires state-of-the-art manufacturing technology and so most manufacturers are unable to use it.<\/p>\n<div class=\"clearfix\"><\/div>\n<h3>Variability: What if you want to change some interior parts of the cabinet in the future?<\/h3>\n<p><img loading=\"lazy\" decoding=\"async\" class=\"size-thumbnail wp-image-1235 alignleft\" src=\"https:\/\/www.woodface.cz\/wp-content\/uploads\/2020\/11\/VII-Variabilita-co-kdyz-budu-chtit-v-budoucnu-neco-zmenit-273x151-1.jpg\" alt=\"\" width=\"273\" height=\"151\" \/>Virtually no custom-made furniture from our competitors allows for the changing of the internal layout without any dismantling and subsequent reassembling back into place. Especially in the case of a cabinet in a niche, it usually means damaged plaster and possible scratching of the floor or ceiling.<br \/>\nWoodface furniture is designed with a special fitting so that all the parts are folded inside the recess without having to assemble them outdoors and then slide the cabinet in. This will not damage the floor, walls or ceiling. If you want to change the layout, just replace some parts inside the cabinet without having to completely disassemble it.<\/p>\n<div class=\"clearfix\"><\/div>\n<h2>What to look for in furniture offers?<\/h2>\n<p><img loading=\"lazy\" decoding=\"async\" class=\"size-thumbnail wp-image-1232 alignleft\" src=\"https:\/\/www.woodface.cz\/wp-content\/uploads\/2020\/11\/IV.-cena-273x151-1.jpg\" alt=\"\" width=\"273\" height=\"151\" \/><\/p>\n<h3>1. Always compare the same thing<\/h3>\n<p>Cheaper offers are not always really cheaper. Thanks to the optimization of our production, Woodface can work with a truly minimal margin while maintaining high quality.<br \/>\nIn the case of a tender where our offer is higher than a possible competitive price, we will perform a comparative analysis of all the offers for free and explain clearly how the bids differ and where the price differences occur. We do not say that we are the cheapest and due to the higher quality of our hardware and materials, we cannot even be. Usually, however, the price offer of a competitor cuts corners and does not contain everything or are of a much lower quality. Let us explain what the differences are. If the modification is not contrary to our professional honor, we will optimize our offer as much as possible to match your budget.<\/p>\n<h3>2. Do not make unnecessary compromises<\/h3>\n<p>Tailored furniture has a lot of benefits, but at the same time, it requires you as a client to become a little bit of an expert in order to properly evaluate offers. Do not make unnecessary compromises and do not become convinced that something less is enough. Don\u2019t feel that nothing is perfect for you and your privacy and, please remember, that quality custom furniture designed by or for you can substantially raise your property value and realistically make the real estate more attractive.<br \/>\nLet some furniture details be shown in advance, not just blurry photos from your mobile from some realizations. Custom built furniture should make you happy for many years, not reminding you of anything that could have been better made or fitted.<\/p>\n<div class=\"clearfix\"><\/div>\n<p><big><strong>&#8220;Keep your furniture satisfied for many years&#8221;<\/strong><\/big><\/p>\n","protected":false},"excerpt":{"rendered":"<p>Why Woodface? Professional production and professional assembly There are many companies on the market that offer &#8220;custom-made cabinets&#8221;. Most of them are semi-amateurs who have somewhere to cut and trim the material, at best their own small joinery workshop where they try to make the furniture. Woodface Furniture utilizes state-of-the-art computer-controlled machines that guarantee world-class [&hellip;]<\/p>\n","protected":false},"author":3,"featured_media":0,"parent":0,"menu_order":0,"comment_status":"closed","ping_status":"closed","template":"","meta":{"footnotes":""},"class_list":["post-2956","page","type-page","status-publish","hentry"],"yoast_head":"<!-- This site is optimized with the Yoast SEO plugin v27.5 - https:\/\/yoast.com\/product\/yoast-seo-wordpress\/ -->\n<title>Woodface - About us - Woodface - We create your home<\/title>\n<meta name=\"robots\" content=\"index, follow, max-snippet:-1, max-image-preview:large, max-video-preview:-1\" \/>\n<link rel=\"canonical\" href=\"https:\/\/www.woodface.cz\/en\/woodface\/\" \/>\n<meta property=\"og:locale\" content=\"en_US\" \/>\n<meta property=\"og:type\" content=\"article\" \/>\n<meta property=\"og:title\" content=\"Woodface - About us - Woodface - We create your home\" \/>\n<meta property=\"og:description\" content=\"Why Woodface? Professional production and professional assembly There are many companies on the market that offer &#8220;custom-made cabinets&#8221;. Most of them are semi-amateurs who have somewhere to cut and trim the material, at best their own small joinery workshop where they try to make the furniture. Woodface Furniture utilizes state-of-the-art computer-controlled machines that guarantee world-class [&hellip;]\" \/>\n<meta property=\"og:url\" content=\"https:\/\/www.woodface.cz\/en\/woodface\/\" \/>\n<meta property=\"og:site_name\" content=\"Woodface - We create your home\" \/>\n<meta property=\"article:publisher\" content=\"https:\/\/www.facebook.com\/cz.woodface\" \/>\n<meta property=\"article:modified_time\" content=\"2022-10-21T11:39:14+00:00\" \/>\n<meta property=\"og:image\" content=\"https:\/\/www.woodface.cz\/wp-content\/uploads\/2020\/11\/I.-Kvalita-provedeni-Profesionalni-vyroba-a-odborna-montaz-273x151-1.jpg\" \/>\n<meta name=\"twitter:card\" content=\"summary_large_image\" \/>\n<meta name=\"twitter:label1\" content=\"Est. reading time\" \/>\n\t<meta name=\"twitter:data1\" content=\"8 minutes\" \/>\n<script type=\"application\/ld+json\" class=\"yoast-schema-graph\">{\"@context\":\"https:\\\/\\\/schema.org\",\"@graph\":[{\"@type\":\"WebPage\",\"@id\":\"https:\\\/\\\/www.woodface.cz\\\/en\\\/woodface\\\/\",\"url\":\"https:\\\/\\\/www.woodface.cz\\\/en\\\/woodface\\\/\",\"name\":\"Woodface - About us - Woodface - We create your home\",\"isPartOf\":{\"@id\":\"https:\\\/\\\/www.woodface.cz\\\/en\\\/#website\"},\"primaryImageOfPage\":{\"@id\":\"https:\\\/\\\/www.woodface.cz\\\/en\\\/woodface\\\/#primaryimage\"},\"image\":{\"@id\":\"https:\\\/\\\/www.woodface.cz\\\/en\\\/woodface\\\/#primaryimage\"},\"thumbnailUrl\":\"https:\\\/\\\/www.woodface.cz\\\/wp-content\\\/uploads\\\/2020\\\/11\\\/I.-Kvalita-provedeni-Profesionalni-vyroba-a-odborna-montaz-273x151-1.jpg\",\"datePublished\":\"2016-07-18T14:13:15+00:00\",\"dateModified\":\"2022-10-21T11:39:14+00:00\",\"breadcrumb\":{\"@id\":\"https:\\\/\\\/www.woodface.cz\\\/en\\\/woodface\\\/#breadcrumb\"},\"inLanguage\":\"en-US\",\"potentialAction\":[{\"@type\":\"ReadAction\",\"target\":[\"https:\\\/\\\/www.woodface.cz\\\/en\\\/woodface\\\/\"]}]},{\"@type\":\"ImageObject\",\"inLanguage\":\"en-US\",\"@id\":\"https:\\\/\\\/www.woodface.cz\\\/en\\\/woodface\\\/#primaryimage\",\"url\":\"https:\\\/\\\/www.woodface.cz\\\/wp-content\\\/uploads\\\/2020\\\/11\\\/I.-Kvalita-provedeni-Profesionalni-vyroba-a-odborna-montaz-273x151-1.jpg\",\"contentUrl\":\"https:\\\/\\\/www.woodface.cz\\\/wp-content\\\/uploads\\\/2020\\\/11\\\/I.-Kvalita-provedeni-Profesionalni-vyroba-a-odborna-montaz-273x151-1.jpg\"},{\"@type\":\"BreadcrumbList\",\"@id\":\"https:\\\/\\\/www.woodface.cz\\\/en\\\/woodface\\\/#breadcrumb\",\"itemListElement\":[{\"@type\":\"ListItem\",\"position\":1,\"name\":\"Home\",\"item\":\"https:\\\/\\\/www.woodface.cz\\\/en\\\/\"},{\"@type\":\"ListItem\",\"position\":2,\"name\":\"Woodface &#8211; About us\"}]},{\"@type\":\"WebSite\",\"@id\":\"https:\\\/\\\/www.woodface.cz\\\/en\\\/#website\",\"url\":\"https:\\\/\\\/www.woodface.cz\\\/en\\\/\",\"name\":\"Woodface - We create your home\",\"description\":\"Woodface - Sk\u0159\u00edn\u011b na m\u00edru. Jedine\u010dn\u00fd, modern\u00ed a nad\u010dasov\u00fd design.\",\"publisher\":{\"@id\":\"https:\\\/\\\/www.woodface.cz\\\/en\\\/#organization\"},\"potentialAction\":[{\"@type\":\"SearchAction\",\"target\":{\"@type\":\"EntryPoint\",\"urlTemplate\":\"https:\\\/\\\/www.woodface.cz\\\/en\\\/?s={search_term_string}\"},\"query-input\":{\"@type\":\"PropertyValueSpecification\",\"valueRequired\":true,\"valueName\":\"search_term_string\"}}],\"inLanguage\":\"en-US\"},{\"@type\":\"Organization\",\"@id\":\"https:\\\/\\\/www.woodface.cz\\\/en\\\/#organization\",\"name\":\"Woodface - Sk\u0159\u00edn\u011b na m\u00edru. Jedine\u010dn\u00fd, modern\u00ed a nad\u010dasov\u00fd design.\",\"url\":\"https:\\\/\\\/www.woodface.cz\\\/en\\\/\",\"logo\":{\"@type\":\"ImageObject\",\"inLanguage\":\"en-US\",\"@id\":\"https:\\\/\\\/www.woodface.cz\\\/en\\\/#\\\/schema\\\/logo\\\/image\\\/\",\"url\":\"https:\\\/\\\/www.woodface.cz\\\/wp-content\\\/uploads\\\/2020\\\/11\\\/woodface-logo.png\",\"contentUrl\":\"https:\\\/\\\/www.woodface.cz\\\/wp-content\\\/uploads\\\/2020\\\/11\\\/woodface-logo.png\",\"width\":314,\"height\":161,\"caption\":\"Woodface - Sk\u0159\u00edn\u011b na m\u00edru. Jedine\u010dn\u00fd, modern\u00ed a nad\u010dasov\u00fd design.\"},\"image\":{\"@id\":\"https:\\\/\\\/www.woodface.cz\\\/en\\\/#\\\/schema\\\/logo\\\/image\\\/\"},\"sameAs\":[\"https:\\\/\\\/www.facebook.com\\\/cz.woodface\",\"https:\\\/\\\/www.instagram.com\\\/woodface_cz\"]}]}<\/script>\n<!-- \/ Yoast SEO plugin. -->","yoast_head_json":{"title":"Woodface - About us - Woodface - We create your home","robots":{"index":"index","follow":"follow","max-snippet":"max-snippet:-1","max-image-preview":"max-image-preview:large","max-video-preview":"max-video-preview:-1"},"canonical":"https:\/\/www.woodface.cz\/en\/woodface\/","og_locale":"en_US","og_type":"article","og_title":"Woodface - About us - Woodface - We create your home","og_description":"Why Woodface? Professional production and professional assembly There are many companies on the market that offer &#8220;custom-made cabinets&#8221;. Most of them are semi-amateurs who have somewhere to cut and trim the material, at best their own small joinery workshop where they try to make the furniture. Woodface Furniture utilizes state-of-the-art computer-controlled machines that guarantee world-class [&hellip;]","og_url":"https:\/\/www.woodface.cz\/en\/woodface\/","og_site_name":"Woodface - We create your home","article_publisher":"https:\/\/www.facebook.com\/cz.woodface","article_modified_time":"2022-10-21T11:39:14+00:00","og_image":[{"url":"https:\/\/www.woodface.cz\/wp-content\/uploads\/2020\/11\/I.-Kvalita-provedeni-Profesionalni-vyroba-a-odborna-montaz-273x151-1.jpg","type":"","width":"","height":""}],"twitter_card":"summary_large_image","twitter_misc":{"Est. reading time":"8 minutes"},"schema":{"@context":"https:\/\/schema.org","@graph":[{"@type":"WebPage","@id":"https:\/\/www.woodface.cz\/en\/woodface\/","url":"https:\/\/www.woodface.cz\/en\/woodface\/","name":"Woodface - About us - Woodface - We create your home","isPartOf":{"@id":"https:\/\/www.woodface.cz\/en\/#website"},"primaryImageOfPage":{"@id":"https:\/\/www.woodface.cz\/en\/woodface\/#primaryimage"},"image":{"@id":"https:\/\/www.woodface.cz\/en\/woodface\/#primaryimage"},"thumbnailUrl":"https:\/\/www.woodface.cz\/wp-content\/uploads\/2020\/11\/I.-Kvalita-provedeni-Profesionalni-vyroba-a-odborna-montaz-273x151-1.jpg","datePublished":"2016-07-18T14:13:15+00:00","dateModified":"2022-10-21T11:39:14+00:00","breadcrumb":{"@id":"https:\/\/www.woodface.cz\/en\/woodface\/#breadcrumb"},"inLanguage":"en-US","potentialAction":[{"@type":"ReadAction","target":["https:\/\/www.woodface.cz\/en\/woodface\/"]}]},{"@type":"ImageObject","inLanguage":"en-US","@id":"https:\/\/www.woodface.cz\/en\/woodface\/#primaryimage","url":"https:\/\/www.woodface.cz\/wp-content\/uploads\/2020\/11\/I.-Kvalita-provedeni-Profesionalni-vyroba-a-odborna-montaz-273x151-1.jpg","contentUrl":"https:\/\/www.woodface.cz\/wp-content\/uploads\/2020\/11\/I.-Kvalita-provedeni-Profesionalni-vyroba-a-odborna-montaz-273x151-1.jpg"},{"@type":"BreadcrumbList","@id":"https:\/\/www.woodface.cz\/en\/woodface\/#breadcrumb","itemListElement":[{"@type":"ListItem","position":1,"name":"Home","item":"https:\/\/www.woodface.cz\/en\/"},{"@type":"ListItem","position":2,"name":"Woodface &#8211; About us"}]},{"@type":"WebSite","@id":"https:\/\/www.woodface.cz\/en\/#website","url":"https:\/\/www.woodface.cz\/en\/","name":"Woodface - We create your home","description":"Woodface - Sk\u0159\u00edn\u011b na m\u00edru. Jedine\u010dn\u00fd, modern\u00ed a nad\u010dasov\u00fd design.","publisher":{"@id":"https:\/\/www.woodface.cz\/en\/#organization"},"potentialAction":[{"@type":"SearchAction","target":{"@type":"EntryPoint","urlTemplate":"https:\/\/www.woodface.cz\/en\/?s={search_term_string}"},"query-input":{"@type":"PropertyValueSpecification","valueRequired":true,"valueName":"search_term_string"}}],"inLanguage":"en-US"},{"@type":"Organization","@id":"https:\/\/www.woodface.cz\/en\/#organization","name":"Woodface - Sk\u0159\u00edn\u011b na m\u00edru. Jedine\u010dn\u00fd, modern\u00ed a nad\u010dasov\u00fd design.","url":"https:\/\/www.woodface.cz\/en\/","logo":{"@type":"ImageObject","inLanguage":"en-US","@id":"https:\/\/www.woodface.cz\/en\/#\/schema\/logo\/image\/","url":"https:\/\/www.woodface.cz\/wp-content\/uploads\/2020\/11\/woodface-logo.png","contentUrl":"https:\/\/www.woodface.cz\/wp-content\/uploads\/2020\/11\/woodface-logo.png","width":314,"height":161,"caption":"Woodface - Sk\u0159\u00edn\u011b na m\u00edru. Jedine\u010dn\u00fd, modern\u00ed a nad\u010dasov\u00fd design."},"image":{"@id":"https:\/\/www.woodface.cz\/en\/#\/schema\/logo\/image\/"},"sameAs":["https:\/\/www.facebook.com\/cz.woodface","https:\/\/www.instagram.com\/woodface_cz"]}]}},"_links":{"self":[{"href":"https:\/\/www.woodface.cz\/en\/wp-json\/wp\/v2\/pages\/2956","targetHints":{"allow":["GET"]}}],"collection":[{"href":"https:\/\/www.woodface.cz\/en\/wp-json\/wp\/v2\/pages"}],"about":[{"href":"https:\/\/www.woodface.cz\/en\/wp-json\/wp\/v2\/types\/page"}],"author":[{"embeddable":true,"href":"https:\/\/www.woodface.cz\/en\/wp-json\/wp\/v2\/users\/3"}],"replies":[{"embeddable":true,"href":"https:\/\/www.woodface.cz\/en\/wp-json\/wp\/v2\/comments?post=2956"}],"version-history":[{"count":7,"href":"https:\/\/www.woodface.cz\/en\/wp-json\/wp\/v2\/pages\/2956\/revisions"}],"predecessor-version":[{"id":16303,"href":"https:\/\/www.woodface.cz\/en\/wp-json\/wp\/v2\/pages\/2956\/revisions\/16303"}],"wp:attachment":[{"href":"https:\/\/www.woodface.cz\/en\/wp-json\/wp\/v2\/media?parent=2956"}],"curies":[{"name":"wp","href":"https:\/\/api.w.org\/{rel}","templated":true}]}}